{"id":12670,"date":"2025-10-08T12:40:46","date_gmt":"2025-10-08T12:40:46","guid":{"rendered":"https:\/\/cozumelopentopbus.com\/tour\/kuza-deluxe-pass\/"},"modified":"2025-10-28T13:20:10","modified_gmt":"2025-10-28T13:20:10","slug":"kuza-deluxe-pass","status":"publish","type":"product","link":"https:\/\/cozumelopentopbus.com\/es\/tour\/kuza-deluxe-pass\/","title":{"rendered":"KUZ\u00c1 Deluxe Pass"},"content":{"rendered":"<p>El Pase de Lujo KUZ\u00c1 es tu billete todo incluido a la playa privada m\u00e1s impresionante de Cozumel: arena blanca, aguas turquesas y libertad total.<\/p>\n","protected":false},"excerpt":{"rendered":"<p>El Pase de Lujo KUZ\u00c1 es tu billete todo incluido a la playa privada m\u00e1s impresionante de Cozumel: arena blanca, aguas turquesas y libertad total.<\/p>\n","protected":false},"featured_media":12671,"comment_status":"closed","ping_status":"closed","template":"","meta":{"_acf_changed":false},"product_brand":[],"product_cat":[109],"product_tag":[],"class_list":{"0":"post-12670","1":"product","2":"type-product","3":"status-publish","4":"has-post-thumbnail","6":"product_cat-park-vibes","8":"first","9":"instock","10":"virtual","11":"purchasable","12":"product-type-simple"},"acf":[],"_links":{"self":[{"href":"https:\/\/cozumelopentopbus.com\/es\/wp-json\/wp\/v2\/product\/12670","targetHints":{"allow":["GET"]}}],"collection":[{"href":"https:\/\/cozumelopentopbus.com\/es\/wp-json\/wp\/v2\/product"}],"about":[{"href":"https:\/\/cozumelopentopbus.com\/es\/wp-json\/wp\/v2\/types\/product"}],"replies":[{"embeddable":true,"href":"https:\/\/cozumelopentopbus.com\/es\/wp-json\/wp\/v2\/comments?post=12670"}],"wp:featuredmedia":[{"embeddable":true,"href":"https:\/\/cozumelopentopbus.com\/es\/wp-json\/wp\/v2\/media\/12671"}],"wp:attachment":[{"href":"https:\/\/cozumelopentopbus.com\/es\/wp-json\/wp\/v2\/media?parent=12670"}],"wp:term":[{"taxonomy":"product_brand","embeddable":true,"href":"https:\/\/cozumelopentopbus.com\/es\/wp-json\/wp\/v2\/product_brand?post=12670"},{"taxonomy":"product_cat","embeddable":true,"href":"https:\/\/cozumelopentopbus.com\/es\/wp-json\/wp\/v2\/product_cat?post=12670"},{"taxonomy":"product_tag","embeddable":true,"href":"https:\/\/cozumelopentopbus.com\/es\/wp-json\/wp\/v2\/product_tag?post=12670"}],"curies":[{"name":"wp","href":"https:\/\/api.w.org\/{rel}","templated":true}]}}