{"id":12673,"date":"2025-10-07T20:50:15","date_gmt":"2025-10-07T20:50:15","guid":{"rendered":"https:\/\/cozumelopentopbus.com\/tour\/kuza-pase-vip\/"},"modified":"2025-10-27T21:02:42","modified_gmt":"2025-10-27T21:02:42","slug":"kuza-pase-vip","status":"publish","type":"product","link":"https:\/\/cozumelopentopbus.com\/es\/tour\/kuza-pase-vip\/","title":{"rendered":"KUZ\u00c1 &#8211; VIP Pass"},"content":{"rendered":"<p>El Pase VIP KUZ\u00c1 desbloquea el acceso exclusivo a la Playa VIP Para\u00edso, un santuario privado de arena blanca, olas turquesas y relajaci\u00f3n a la sombra de las palmeras en Cozumel.<\/p>\n","protected":false},"excerpt":{"rendered":"<p>El Pase VIP KUZ\u00c1 desbloquea el acceso exclusivo a la Playa VIP Para\u00edso, un santuario privado de arena blanca, olas turquesas y relajaci\u00f3n a la sombra de las palmeras en Cozumel.<\/p>\n","protected":false},"featured_media":12674,"comment_status":"closed","ping_status":"closed","template":"","meta":{"_acf_changed":false},"product_brand":[],"product_cat":[109],"product_tag":[],"class_list":{"0":"post-12673","1":"product","2":"type-product","3":"status-publish","4":"has-post-thumbnail","6":"product_cat-park-vibes","8":"first","9":"instock","10":"sale","11":"virtual","12":"purchasable","13":"product-type-simple"},"acf":[],"_links":{"self":[{"href":"https:\/\/cozumelopentopbus.com\/es\/wp-json\/wp\/v2\/product\/12673","targetHints":{"allow":["GET"]}}],"collection":[{"href":"https:\/\/cozumelopentopbus.com\/es\/wp-json\/wp\/v2\/product"}],"about":[{"href":"https:\/\/cozumelopentopbus.com\/es\/wp-json\/wp\/v2\/types\/product"}],"replies":[{"embeddable":true,"href":"https:\/\/cozumelopentopbus.com\/es\/wp-json\/wp\/v2\/comments?post=12673"}],"wp:featuredmedia":[{"embeddable":true,"href":"https:\/\/cozumelopentopbus.com\/es\/wp-json\/wp\/v2\/media\/12674"}],"wp:attachment":[{"href":"https:\/\/cozumelopentopbus.com\/es\/wp-json\/wp\/v2\/media?parent=12673"}],"wp:term":[{"taxonomy":"product_brand","embeddable":true,"href":"https:\/\/cozumelopentopbus.com\/es\/wp-json\/wp\/v2\/product_brand?post=12673"},{"taxonomy":"product_cat","embeddable":true,"href":"https:\/\/cozumelopentopbus.com\/es\/wp-json\/wp\/v2\/product_cat?post=12673"},{"taxonomy":"product_tag","embeddable":true,"href":"https:\/\/cozumelopentopbus.com\/es\/wp-json\/wp\/v2\/product_tag?post=12673"}],"curies":[{"name":"wp","href":"https:\/\/api.w.org\/{rel}","templated":true}]}}