{"id":12675,"date":"2025-09-29T14:38:21","date_gmt":"2025-09-29T14:38:21","guid":{"rendered":"https:\/\/cozumelopentopbus.com\/tour\/pase-deluxe-kuza-sabores-mexicanos\/"},"modified":"2025-10-27T21:04:49","modified_gmt":"2025-10-27T21:04:49","slug":"pase-deluxe-kuza-sabores-mexicanos","status":"publish","type":"product","link":"https:\/\/cozumelopentopbus.com\/es\/tour\/pase-deluxe-kuza-sabores-mexicanos\/","title":{"rendered":"KUZ\u00c1 Deluxe Pass + Mexican Flavors"},"content":{"rendered":"<p>Descubre los sabores mexicanos en KUZ\u00c1, donde la tradici\u00f3n, el sabor y la brisa de la isla se unen en cada bocado.<\/p>\n","protected":false},"excerpt":{"rendered":"<p>Descubre los sabores mexicanos en KUZ\u00c1, donde la tradici\u00f3n, el sabor y la brisa de la isla se unen en cada bocado.<\/p>\n","protected":false},"featured_media":12676,"comment_status":"closed","ping_status":"closed","template":"","meta":{"_acf_changed":false},"product_brand":[],"product_cat":[109],"product_tag":[],"class_list":{"0":"post-12675","1":"product","2":"type-product","3":"status-publish","4":"has-post-thumbnail","6":"product_cat-park-vibes","8":"first","9":"instock","10":"sale","11":"shipping-taxable","12":"purchasable","13":"product-type-simple"},"acf":[],"_links":{"self":[{"href":"https:\/\/cozumelopentopbus.com\/es\/wp-json\/wp\/v2\/product\/12675","targetHints":{"allow":["GET"]}}],"collection":[{"href":"https:\/\/cozumelopentopbus.com\/es\/wp-json\/wp\/v2\/product"}],"about":[{"href":"https:\/\/cozumelopentopbus.com\/es\/wp-json\/wp\/v2\/types\/product"}],"replies":[{"embeddable":true,"href":"https:\/\/cozumelopentopbus.com\/es\/wp-json\/wp\/v2\/comments?post=12675"}],"wp:featuredmedia":[{"embeddable":true,"href":"https:\/\/cozumelopentopbus.com\/es\/wp-json\/wp\/v2\/media\/12676"}],"wp:attachment":[{"href":"https:\/\/cozumelopentopbus.com\/es\/wp-json\/wp\/v2\/media?parent=12675"}],"wp:term":[{"taxonomy":"product_brand","embeddable":true,"href":"https:\/\/cozumelopentopbus.com\/es\/wp-json\/wp\/v2\/product_brand?post=12675"},{"taxonomy":"product_cat","embeddable":true,"href":"https:\/\/cozumelopentopbus.com\/es\/wp-json\/wp\/v2\/product_cat?post=12675"},{"taxonomy":"product_tag","embeddable":true,"href":"https:\/\/cozumelopentopbus.com\/es\/wp-json\/wp\/v2\/product_tag?post=12675"}],"curies":[{"name":"wp","href":"https:\/\/api.w.org\/{rel}","templated":true}]}}