{"id":12693,"date":"2025-09-29T14:06:15","date_gmt":"2025-09-29T14:06:15","guid":{"rendered":"https:\/\/cozumelopentopbus.com\/tour\/pase-de-un-dia-kuza\/"},"modified":"2025-10-27T21:00:37","modified_gmt":"2025-10-27T21:00:37","slug":"pase-de-un-dia-kuza","status":"publish","type":"product","link":"https:\/\/cozumelopentopbus.com\/es\/tour\/pase-de-un-dia-kuza\/","title":{"rendered":"KUZ\u00c1 Day Pass"},"content":{"rendered":"<p>El KUZ\u00c1 Day Pass te da acceso completo al Parque de Playa KUZ\u00c1, la mayor escapada frente al mar de Cozumel con arenas blancas, aguas turquesas y vibraciones familiares a pocos minutos de la ciudad.<\/p>\n","protected":false},"excerpt":{"rendered":"<p>El KUZ\u00c1 Day Pass te da acceso completo al Parque de Playa KUZ\u00c1, la mayor escapada frente al mar de Cozumel con arenas blancas, aguas turquesas y vibraciones familiares a pocos minutos de la ciudad.<\/p>\n","protected":false},"featured_media":12694,"comment_status":"closed","ping_status":"closed","template":"","meta":{"_acf_changed":false},"product_brand":[],"product_cat":[109],"product_tag":[],"class_list":{"0":"post-12693","1":"product","2":"type-product","3":"status-publish","4":"has-post-thumbnail","6":"product_cat-park-vibes","8":"first","9":"instock","10":"virtual","11":"purchasable","12":"product-type-simple"},"acf":[],"_links":{"self":[{"href":"https:\/\/cozumelopentopbus.com\/es\/wp-json\/wp\/v2\/product\/12693","targetHints":{"allow":["GET"]}}],"collection":[{"href":"https:\/\/cozumelopentopbus.com\/es\/wp-json\/wp\/v2\/product"}],"about":[{"href":"https:\/\/cozumelopentopbus.com\/es\/wp-json\/wp\/v2\/types\/product"}],"replies":[{"embeddable":true,"href":"https:\/\/cozumelopentopbus.com\/es\/wp-json\/wp\/v2\/comments?post=12693"}],"wp:featuredmedia":[{"embeddable":true,"href":"https:\/\/cozumelopentopbus.com\/es\/wp-json\/wp\/v2\/media\/12694"}],"wp:attachment":[{"href":"https:\/\/cozumelopentopbus.com\/es\/wp-json\/wp\/v2\/media?parent=12693"}],"wp:term":[{"taxonomy":"product_brand","embeddable":true,"href":"https:\/\/cozumelopentopbus.com\/es\/wp-json\/wp\/v2\/product_brand?post=12693"},{"taxonomy":"product_cat","embeddable":true,"href":"https:\/\/cozumelopentopbus.com\/es\/wp-json\/wp\/v2\/product_cat?post=12693"},{"taxonomy":"product_tag","embeddable":true,"href":"https:\/\/cozumelopentopbus.com\/es\/wp-json\/wp\/v2\/product_tag?post=12693"}],"curies":[{"name":"wp","href":"https:\/\/api.w.org\/{rel}","templated":true}]}}