{"id":12696,"date":"2025-09-29T11:57:43","date_gmt":"2025-09-29T11:57:43","guid":{"rendered":"https:\/\/cozumelopentopbus.com\/tour\/sorbo-y-mar-una-escapada-mixologica-mexicana\/"},"modified":"2025-10-27T20:59:37","modified_gmt":"2025-10-27T20:59:37","slug":"sorbo-y-mar-una-escapada-mixologica-mexicana","status":"publish","type":"product","link":"https:\/\/cozumelopentopbus.com\/es\/tour\/sorbo-y-mar-una-escapada-mixologica-mexicana\/","title":{"rendered":"Sip &#038; Sea: A Mexican Mixology Escape"},"content":{"rendered":"<p>Elabora c\u00f3cteles mexicanos, degusta un buen tequila y rel\u00e1jate junto al mar. Esta experiencia combina cultura, sabor y relajaci\u00f3n para una escapada perfecta al Caribe.<\/p>\n","protected":false},"excerpt":{"rendered":"<p>Elabora c\u00f3cteles mexicanos, degusta un buen tequila y rel\u00e1jate junto al mar. Esta experiencia combina cultura, sabor y relajaci\u00f3n para una escapada perfecta al Caribe.<\/p>\n","protected":false},"featured_media":12706,"comment_status":"closed","ping_status":"closed","template":"","meta":{"_acf_changed":false},"product_brand":[],"product_cat":[110],"product_tag":[],"class_list":{"0":"post-12696","1":"product","2":"type-product","3":"status-publish","4":"has-post-thumbnail","6":"product_cat-local-experiences","8":"first","9":"instock","10":"virtual","11":"purchasable","12":"product-type-simple"},"acf":[],"_links":{"self":[{"href":"https:\/\/cozumelopentopbus.com\/es\/wp-json\/wp\/v2\/product\/12696","targetHints":{"allow":["GET"]}}],"collection":[{"href":"https:\/\/cozumelopentopbus.com\/es\/wp-json\/wp\/v2\/product"}],"about":[{"href":"https:\/\/cozumelopentopbus.com\/es\/wp-json\/wp\/v2\/types\/product"}],"replies":[{"embeddable":true,"href":"https:\/\/cozumelopentopbus.com\/es\/wp-json\/wp\/v2\/comments?post=12696"}],"wp:featuredmedia":[{"embeddable":true,"href":"https:\/\/cozumelopentopbus.com\/es\/wp-json\/wp\/v2\/media\/12706"}],"wp:attachment":[{"href":"https:\/\/cozumelopentopbus.com\/es\/wp-json\/wp\/v2\/media?parent=12696"}],"wp:term":[{"taxonomy":"product_brand","embeddable":true,"href":"https:\/\/cozumelopentopbus.com\/es\/wp-json\/wp\/v2\/product_brand?post=12696"},{"taxonomy":"product_cat","embeddable":true,"href":"https:\/\/cozumelopentopbus.com\/es\/wp-json\/wp\/v2\/product_cat?post=12696"},{"taxonomy":"product_tag","embeddable":true,"href":"https:\/\/cozumelopentopbus.com\/es\/wp-json\/wp\/v2\/product_tag?post=12696"}],"curies":[{"name":"wp","href":"https:\/\/api.w.org\/{rel}","templated":true}]}}